{"id":3063,"date":"2019-09-05T16:10:56","date_gmt":"2019-09-05T16:10:56","guid":{"rendered":"https:\/\/www.concursosdigitales.com\/wp\/qui-som\/publicitat-addicional\/"},"modified":"2019-09-05T16:10:58","modified_gmt":"2019-09-05T16:10:58","slug":"publicitat-addicional","status":"publish","type":"page","link":"https:\/\/www.concursosdigitales.com\/wp\/qui-som\/publicitat-addicional\/?lang=ca","title":{"rendered":"Publicitat addicional"},"content":{"rendered":"<div class=\"fusion-fullwidth fullwidth-box fusion-builder-row-1 nonhundred-percent-fullwidth non-hundred-percent-height-scrolling\" style=\"--awb-border-radius-top-left:0px;--awb-border-radius-top-right:0px;--awb-border-radius-bottom-right:0px;--awb-border-radius-bottom-left:0px;--awb-flex-wrap:wrap;\" ><div class=\"fusion-builder-row fusion-row\"><div class=\"fusion-layout-column fusion_builder_column fusion-builder-column-0 fusion_builder_column_1_6 1_6 fusion-one-sixth fusion-column-first\" style=\"--awb-bg-size:cover;width:16.666666666667%;width:calc(16.666666666667% - ( ( 4% + 4% + 4% ) * 0.16666666666667 ) );margin-right: 4%;\"><div class=\"fusion-column-wrapper fusion-column-has-shadow fusion-flex-column-wrapper-legacy\"><div class=\"fusion-clearfix\"><\/div><\/div><\/div><div class=\"fusion-layout-column fusion_builder_column fusion-builder-column-1 fusion_builder_column_1_3 1_3 fusion-one-third\" style=\"--awb-bg-size:cover;width:33.333333333333%;width:calc(33.333333333333% - ( ( 4% + 4% + 4% ) * 0.33333333333333 ) );margin-right: 4%;\"><div class=\"fusion-column-wrapper fusion-column-has-shadow fusion-flex-column-wrapper-legacy\"><div class=\"fusion-title title fusion-title-1 fusion-sep-none fusion-title-text fusion-title-size-one\"><h1 class=\"fusion-title-heading title-heading-left\" style=\"margin:0;\">Creus que necessites m\u00e9s publicitat?<\/h1><\/div><div class=\"fusion-text fusion-text-1\"><p>En el cas que consideris que necessita m\u00e9s publicitat del que oferim en el paquet est\u00e0ndard del concurs, podem oferir-te enviaments addicionals. Fins a un m\u00e0xim total de vuit enviaments.<\/p>\n<p>Com apreciem molt als nostres usuaris, limitem el nombre m\u00e0xim d&#8217;enviaments per no ser una mol\u00e9stia.<\/p>\n<\/div><div class=\"fusion-clearfix\"><\/div><\/div><\/div><div class=\"fusion-layout-column fusion_builder_column fusion-builder-column-2 fusion_builder_column_1_3 1_3 fusion-one-third\" style=\"--awb-bg-size:cover;width:33.333333333333%;width:calc(33.333333333333% - ( ( 4% + 4% + 4% ) * 0.33333333333333 ) );margin-right: 4%;\"><div class=\"fusion-column-wrapper fusion-column-has-shadow fusion-flex-column-wrapper-legacy\"><div class=\"fusion-image-element in-legacy-container\" style=\"--awb-caption-title-font-family:var(--h2_typography-font-family);--awb-caption-title-font-weight:var(--h2_typography-font-weight);--awb-caption-title-font-style:var(--h2_typography-font-style);--awb-caption-title-size:var(--h2_typography-font-size);--awb-caption-title-transform:var(--h2_typography-text-transform);--awb-caption-title-line-height:var(--h2_typography-line-height);--awb-caption-title-letter-spacing:var(--h2_typography-letter-spacing);\"><span class=\" fusion-imageframe imageframe-none imageframe-1 hover-type-none fusion-animated\" data-animationType=\"slideInLeft\" data-animationDuration=\"0.3\" data-animationOffset=\"top-into-view\"><img decoding=\"async\" width=\"1024\" height=\"679\" title=\"fotografo_subiendo_imagenes\" src=\"https:\/\/www.concursosdigitales.com\/wp\/wp-content\/uploads\/2019\/07\/fotografo_subiendo_imagenes.jpg\" alt class=\"img-responsive wp-image-2668\" srcset=\"https:\/\/www.concursosdigitales.com\/wp\/wp-content\/uploads\/2019\/07\/fotografo_subiendo_imagenes-200x133.jpg 200w, https:\/\/www.concursosdigitales.com\/wp\/wp-content\/uploads\/2019\/07\/fotografo_subiendo_imagenes-400x265.jpg 400w, https:\/\/www.concursosdigitales.com\/wp\/wp-content\/uploads\/2019\/07\/fotografo_subiendo_imagenes-600x398.jpg 600w, https:\/\/www.concursosdigitales.com\/wp\/wp-content\/uploads\/2019\/07\/fotografo_subiendo_imagenes-800x530.jpg 800w, https:\/\/www.concursosdigitales.com\/wp\/wp-content\/uploads\/2019\/07\/fotografo_subiendo_imagenes.jpg 1024w\" sizes=\"(max-width: 800px) 100vw, 600px\" \/><\/span><\/div><div class=\"fusion-clearfix\"><\/div><\/div><\/div><div class=\"fusion-layout-column fusion_builder_column fusion-builder-column-3 fusion_builder_column_1_6 1_6 fusion-one-sixth fusion-column-last\" style=\"--awb-bg-size:cover;width:16.666666666667%;width:calc(16.666666666667% - ( ( 4% + 4% + 4% ) * 0.16666666666667 ) );\"><div class=\"fusion-column-wrapper fusion-column-has-shadow fusion-flex-column-wrapper-legacy\"><div class=\"fusion-clearfix\"><\/div><\/div><\/div><\/div><\/div>\n","protected":false},"excerpt":{"rendered":"","protected":false},"author":1,"featured_media":0,"parent":1715,"menu_order":0,"comment_status":"closed","ping_status":"closed","template":"","meta":{"footnotes":""},"_links":{"self":[{"href":"https:\/\/www.concursosdigitales.com\/wp\/wp-json\/wp\/v2\/pages\/3063"}],"collection":[{"href":"https:\/\/www.concursosdigitales.com\/wp\/wp-json\/wp\/v2\/pages"}],"about":[{"href":"https:\/\/www.concursosdigitales.com\/wp\/wp-json\/wp\/v2\/types\/page"}],"author":[{"embeddable":true,"href":"https:\/\/www.concursosdigitales.com\/wp\/wp-json\/wp\/v2\/users\/1"}],"replies":[{"embeddable":true,"href":"https:\/\/www.concursosdigitales.com\/wp\/wp-json\/wp\/v2\/comments?post=3063"}],"version-history":[{"count":1,"href":"https:\/\/www.concursosdigitales.com\/wp\/wp-json\/wp\/v2\/pages\/3063\/revisions"}],"predecessor-version":[{"id":3064,"href":"https:\/\/www.concursosdigitales.com\/wp\/wp-json\/wp\/v2\/pages\/3063\/revisions\/3064"}],"up":[{"embeddable":true,"href":"https:\/\/www.concursosdigitales.com\/wp\/wp-json\/wp\/v2\/pages\/1715"}],"wp:attachment":[{"href":"https:\/\/www.concursosdigitales.com\/wp\/wp-json\/wp\/v2\/media?parent=3063"}],"curies":[{"name":"wp","href":"https:\/\/api.w.org\/{rel}","templated":true}]}}