{"id":1008,"date":"2014-02-13T13:28:34","date_gmt":"2014-02-13T13:28:34","guid":{"rendered":"https:\/\/www.concursosdigitales.com\/wp\/?page_id=1008"},"modified":"2024-07-25T11:21:43","modified_gmt":"2024-07-25T11:21:43","slug":"politica-de-privacidad","status":"publish","type":"page","link":"https:\/\/www.concursosdigitales.com\/wp\/politica-de-privacidad\/","title":{"rendered":"<!--:es-->Pol\u00edtica de privacidad &#8211; Politica de pricacitat &#8211; Privacy policy<!--:-->"},"content":{"rendered":"<div class=\"fusion-fullwidth fullwidth-box fusion-builder-row-1 fusion-flex-container nonhundred-percent-fullwidth non-hundred-percent-height-scrolling\" style=\"--awb-border-radius-top-left:0px;--awb-border-radius-top-right:0px;--awb-border-radius-bottom-right:0px;--awb-border-radius-bottom-left:0px;--awb-flex-wrap:wrap;\" ><div class=\"fusion-builder-row fusion-row fusion-flex-align-items-flex-start fusion-flex-content-wrap\" style=\"max-width:104%;margin-left: calc(-4% \/ 2 );margin-right: calc(-4% \/ 2 );\"><div class=\"fusion-layout-column fusion_builder_column fusion-builder-column-0 fusion_builder_column_1_6 1_6 fusion-flex-column\" style=\"--awb-bg-size:cover;--awb-width-large:16.666666666667%;--awb-margin-top-large:0px;--awb-spacing-right-large:11.52%;--awb-margin-bottom-large:20px;--awb-spacing-left-large:11.52%;--awb-width-medium:100%;--awb-order-medium:0;--awb-spacing-right-medium:1.92%;--awb-spacing-left-medium:1.92%;--awb-width-small:100%;--awb-order-small:0;--awb-spacing-right-small:1.92%;--awb-spacing-left-small:1.92%;\"><div class=\"fusion-column-wrapper fusion-column-has-shadow fusion-flex-justify-content-flex-start fusion-content-layout-column\"><\/div><\/div><div class=\"fusion-layout-column fusion_builder_column fusion-builder-column-1 fusion_builder_column_2_3 2_3 fusion-flex-column\" style=\"--awb-bg-size:cover;--awb-width-large:66.666666666667%;--awb-margin-top-large:0px;--awb-spacing-right-large:2.88%;--awb-margin-bottom-large:0px;--awb-spacing-left-large:2.88%;--awb-width-medium:100%;--awb-spacing-right-medium:1.92%;--awb-spacing-left-medium:1.92%;--awb-width-small:100%;--awb-spacing-right-small:1.92%;--awb-spacing-left-small:1.92%;\"><div class=\"fusion-column-wrapper fusion-flex-justify-content-flex-start fusion-content-layout-column\"><div class=\"fusion-text fusion-text-1\"><p><!--:es-->De conformidad con lo establecido en el art\u00edculo 5 de la Ley Org\u00e1nica 15\/1999 de 13 de diciembre, de Protecci\u00f3n de Datos de Car\u00e1cter Personal, se informa que sus datos personales est\u00e1n incorporados en un fichero inform\u00e1tico propiedad de Digital Competitions con el fin de prestarle los servicios solicitados e informarle sobre las actividades que se realizan. El interesado tiene el derecho de acceso, rectificaci\u00f3n, cancelaci\u00f3n y oposici\u00f3n, que podr\u00e1 ejercitar dirigi\u00e9ndose al responsable del fichero Digital Competitions a la direcci\u00f3n de correo electr\u00f3nico\u00a0<a href=\"mailto:bajas@concursosdigitales.com\" target=\"_blank\" rel=\"noopener\">bajas@concursosdigitales.com<\/a>.<\/p>\n<p>Conforme amb lo establert a l&#8217;article 5 de la Llei Org\u00e0nica 15\/1999 del 13 de desembre, de Protecci\u00f3 de Dades de Caracter Personal, s&#8217;informa que les vostres dades estan incorporades a un fitxer informatitzat propietat de DigitalCompetitions amb la finalitat de prestar els serveis demanats i informar sobre les activitats que es realitzen. L&#8217;interessat t\u00e9 el dret d&#8217;acc\u00e9s, rectificaci\u00f3, cancel\u00b7lament\u00a0 i oposici\u00f3, que podr\u00e0 exercir dirigint-se al responsable del fitxer Digital Competitions a l&#8217;adre\u00e7a de correu electr\u00f2nic\u00a0<a href=\"mailto:bajas@concursosdigitales.com\" target=\"_blank\" rel=\"noopener\">bajas@<wbr \/>concursosdigitales.com<\/a><\/p>\n<p>In accordance with the provisions of Article 5 of Law 15\/1999 of 13 December on the Protection of Personal Data, we inform you that your personal data is included in a computer file owned by Digital Competitions in order to lend requested services and inform you about the activities they perform. The interested party has the right of access, rectification, cancellation and opposition, which can be done by going to the database to Digital Competitions email\u00a0<a href=\"mailto:bajas@concursosdigitales.com\" target=\"_blank\" rel=\"noopener\">bajas@concursosdigitales.com<\/a><!--:--><\/p>\n<\/div><\/div><\/div><div class=\"fusion-layout-column fusion_builder_column fusion-builder-column-2 fusion_builder_column_1_6 1_6 fusion-flex-column\" style=\"--awb-bg-size:cover;--awb-width-large:16.666666666667%;--awb-margin-top-large:0px;--awb-spacing-right-large:11.52%;--awb-margin-bottom-large:20px;--awb-spacing-left-large:11.52%;--awb-width-medium:100%;--awb-order-medium:0;--awb-spacing-right-medium:1.92%;--awb-spacing-left-medium:1.92%;--awb-width-small:100%;--awb-order-small:0;--awb-spacing-right-small:1.92%;--awb-spacing-left-small:1.92%;\"><div class=\"fusion-column-wrapper fusion-column-has-shadow fusion-flex-justify-content-flex-start fusion-content-layout-column\"><\/div><\/div><\/div><\/div>\n","protected":false},"excerpt":{"rendered":"","protected":false},"author":1,"featured_media":0,"parent":0,"menu_order":0,"comment_status":"closed","ping_status":"closed","template":"","meta":{"footnotes":""},"_links":{"self":[{"href":"https:\/\/www.concursosdigitales.com\/wp\/wp-json\/wp\/v2\/pages\/1008"}],"collection":[{"href":"https:\/\/www.concursosdigitales.com\/wp\/wp-json\/wp\/v2\/pages"}],"about":[{"href":"https:\/\/www.concursosdigitales.com\/wp\/wp-json\/wp\/v2\/types\/page"}],"author":[{"embeddable":true,"href":"https:\/\/www.concursosdigitales.com\/wp\/wp-json\/wp\/v2\/users\/1"}],"replies":[{"embeddable":true,"href":"https:\/\/www.concursosdigitales.com\/wp\/wp-json\/wp\/v2\/comments?post=1008"}],"version-history":[{"count":7,"href":"https:\/\/www.concursosdigitales.com\/wp\/wp-json\/wp\/v2\/pages\/1008\/revisions"}],"predecessor-version":[{"id":5108,"href":"https:\/\/www.concursosdigitales.com\/wp\/wp-json\/wp\/v2\/pages\/1008\/revisions\/5108"}],"wp:attachment":[{"href":"https:\/\/www.concursosdigitales.com\/wp\/wp-json\/wp\/v2\/media?parent=1008"}],"curies":[{"name":"wp","href":"https:\/\/api.w.org\/{rel}","templated":true}]}}